{"id":42,"date":"2025-01-20T11:17:13","date_gmt":"2025-01-20T11:17:13","guid":{"rendered":"https:\/\/www.3aratkaisut.fi\/sivut\/3aratkaisut\/?page_id=42"},"modified":"2025-01-20T11:17:13","modified_gmt":"2025-01-20T11:17:13","slug":"liiketoiminnan-kehittaminen","status":"publish","type":"page","link":"https:\/\/www.3aratkaisut.fi\/sivut\/3aratkaisut\/liiketoiminnan-kehittaminen\/","title":{"rendered":"Liiketoiminnan kehitt\u00e4minen"},"content":{"rendered":"\n<p>Autamme sinua kasvattamaan yrityst\u00e4si. Tarjoamme kokonaisvaltaisia liiketoiminnan kehitt\u00e4misen palveluita, joilla tehostamme toimintaasi ja l\u00f6yd\u00e4mme uusia kasvumahdollisuuksia.<\/p>\n\n\n\n<p><\/p>\n","protected":false},"excerpt":{"rendered":"<p>Autamme sinua kasvattamaan yrityst\u00e4si. Tarjoamme kokonaisvaltaisia liiketoiminnan kehitt\u00e4misen palveluita, joilla tehostamme toimintaasi ja l\u00f6yd\u00e4mme uusia kasvumahdollisuuksia.<\/p>\n","protected":false},"author":1,"featured_media":0,"parent":0,"menu_order":0,"comment_status":"closed","ping_status":"closed","template":"","meta":{"footnotes":""},"class_list":["post-42","page","type-page","status-publish","hentry"],"_links":{"self":[{"href":"https:\/\/www.3aratkaisut.fi\/sivut\/3aratkaisut\/wp-json\/wp\/v2\/pages\/42","targetHints":{"allow":["GET"]}}],"collection":[{"href":"https:\/\/www.3aratkaisut.fi\/sivut\/3aratkaisut\/wp-json\/wp\/v2\/pages"}],"about":[{"href":"https:\/\/www.3aratkaisut.fi\/sivut\/3aratkaisut\/wp-json\/wp\/v2\/types\/page"}],"author":[{"embeddable":true,"href":"https:\/\/www.3aratkaisut.fi\/sivut\/3aratkaisut\/wp-json\/wp\/v2\/users\/1"}],"replies":[{"embeddable":true,"href":"https:\/\/www.3aratkaisut.fi\/sivut\/3aratkaisut\/wp-json\/wp\/v2\/comments?post=42"}],"version-history":[{"count":1,"href":"https:\/\/www.3aratkaisut.fi\/sivut\/3aratkaisut\/wp-json\/wp\/v2\/pages\/42\/revisions"}],"predecessor-version":[{"id":43,"href":"https:\/\/www.3aratkaisut.fi\/sivut\/3aratkaisut\/wp-json\/wp\/v2\/pages\/42\/revisions\/43"}],"wp:attachment":[{"href":"https:\/\/www.3aratkaisut.fi\/sivut\/3aratkaisut\/wp-json\/wp\/v2\/media?parent=42"}],"curies":[{"name":"wp","href":"https:\/\/api.w.org\/{rel}","templated":true}]}}